{"id":722,"date":"2020-06-30T11:23:25","date_gmt":"2020-06-30T09:23:25","guid":{"rendered":"https:\/\/churtrier.de\/live\/?page_id=722"},"modified":"2020-07-06T18:40:56","modified_gmt":"2020-07-06T16:40:56","slug":"die-vier-prinzipien","status":"publish","type":"page","link":"https:\/\/churtrier.de\/live\/ueber-churtrier\/die-vier-prinzipien\/","title":{"rendered":"Die vier Prinzipien"},"content":{"rendered":"\t\t<div data-elementor-type=\"wp-page\" data-elementor-id=\"722\" class=\"elementor elementor-722\" data-elementor-post-type=\"page\">\n\t\t\t\t\t\t<section class=\"elementor-section elementor-top-section elementor-element elementor-element-331594c elementor-section-boxed elementor-section-height-default elementor-section-height-default\" data-id=\"331594c\" data-element_type=\"section\" data-e-type=\"section\">\n\t\t\t\t\t\t<div class=\"elementor-container elementor-column-gap-default\">\n\t\t\t\t\t<div class=\"elementor-column elementor-col-100 elementor-top-column elementor-element elementor-element-4fbd3ae\" data-id=\"4fbd3ae\" data-element_type=\"column\" data-e-type=\"column\">\n\t\t\t<div class=\"elementor-widget-wrap elementor-element-populated\">\n\t\t\t\t\t\t<div class=\"elementor-element elementor-element-9de98fc elementor-widget elementor-widget-heading\" data-id=\"9de98fc\" data-element_type=\"widget\" data-e-type=\"widget\" data-widget_type=\"heading.default\">\n\t\t\t\t<div class=\"elementor-widget-container\">\n\t\t\t\t\t<h2 class=\"elementor-heading-title elementor-size-default\">Die vier Prinzipien<\/h2>\t\t\t\t<\/div>\n\t\t\t\t<\/div>\n\t\t\t\t\t<\/div>\n\t\t<\/div>\n\t\t\t\t\t<\/div>\n\t\t<\/section>\n\t\t\t\t<section class=\"elementor-section elementor-top-section elementor-element elementor-element-e5d5b66 elementor-section-boxed elementor-section-height-default elementor-section-height-default\" data-id=\"e5d5b66\" data-element_type=\"section\" data-e-type=\"section\">\n\t\t\t\t\t\t<div class=\"elementor-container elementor-column-gap-default\">\n\t\t\t\t\t<div class=\"elementor-column elementor-col-100 elementor-top-column elementor-element elementor-element-7552641\" data-id=\"7552641\" data-element_type=\"column\" data-e-type=\"column\">\n\t\t\t<div class=\"elementor-widget-wrap elementor-element-populated\">\n\t\t\t\t\t\t<div class=\"elementor-element elementor-element-479cd7a elementor-widget elementor-widget-wp-widget-text\" data-id=\"479cd7a\" data-element_type=\"widget\" data-e-type=\"widget\" data-widget_type=\"wp-widget-text.default\">\n\t\t\t\t<div class=\"elementor-widget-container\">\n\t\t\t\t\t\t\t\t<div class=\"textwidget\"><p>Der Cartellverband der katholischen deutschen Studentenverbindungen (CV) ist ein Verband deutscher, katholischer, nichtschlagender, farbentragender Studentenverbindungen.<\/p>\n<p>Der Cartellverband hat aktuell 125 Verbindungen in Deutschland sowie in Freiburg (Schweiz), Rom (Italien), Stra\u00dfburg (Frankreich), Gleiwitz (Polen), L\u00f6wen (Belgien), Tokio (Japan) und Dschang (Kamerun). Diese Verbindungen haben zusammen rund 30.000 Mitglieder, davon etwa 4.000 Studenten. Der CV ist damit der gr\u00f6\u00dfte katholische Akademikerverband Europas. Diese Verbindungen berufen sich auf folgende vier Prinzipien:<\/p>\n<\/div>\n\t\t\t\t\t\t<\/div>\n\t\t\t\t<\/div>\n\t\t\t\t\t<\/div>\n\t\t<\/div>\n\t\t\t\t\t<\/div>\n\t\t<\/section>\n\t\t\t\t<section class=\"elementor-section elementor-top-section elementor-element elementor-element-540ee4f elementor-section-boxed elementor-section-height-default elementor-section-height-default\" data-id=\"540ee4f\" data-element_type=\"section\" data-e-type=\"section\">\n\t\t\t\t\t\t<div class=\"elementor-container elementor-column-gap-default\">\n\t\t\t\t\t<div class=\"elementor-column elementor-col-100 elementor-top-column elementor-element elementor-element-b6bec51\" data-id=\"b6bec51\" data-element_type=\"column\" data-e-type=\"column\">\n\t\t\t<div class=\"elementor-widget-wrap elementor-element-populated\">\n\t\t\t\t\t\t<div class=\"elementor-element elementor-element-be7736b elementor-widget elementor-widget-wp-widget-text\" data-id=\"be7736b\" data-element_type=\"widget\" data-e-type=\"widget\" data-widget_type=\"wp-widget-text.default\">\n\t\t\t\t<div class=\"elementor-widget-container\">\n\t\t\t\t\t\t\t\t<div class=\"textwidget\"><p>Mit dem Prinzip \u201e<strong>scientia<\/strong>\u201c (lat.: Wissenschaft) verdeutlicht der CV die Bereitschaft seiner Mitglieder zum konsequenten Studium, interdisziplin\u00e4ren Erfahrungsaustausch und lebenslangen Lernen. Ein erfolgreicher Studienabschluss begleitet von zahlreichen Qualifikationen, ein angemessener Start ins Berufsleben, Flei\u00df, Ehrlichkeit und Offenheit gegen\u00fcber Neuem und Andersartigem gehen damit einher. F\u00fcr den CV als gr\u00f6\u00dften europ\u00e4ischen Akademikerverband ist die Pflege der Wissenschaft eine wichtige Aufgabe, die er im Rahmen der wissenschaftlichen F\u00f6rderung seiner Mitglieder und durch eigene wissenschaftliche Beitr\u00e4ge umfassend erf\u00fcllt.<\/p>\n<\/div>\n\t\t\t\t\t\t<\/div>\n\t\t\t\t<\/div>\n\t\t\t\t\t<\/div>\n\t\t<\/div>\n\t\t\t\t\t<\/div>\n\t\t<\/section>\n\t\t\t\t<section class=\"elementor-section elementor-top-section elementor-element elementor-element-479c2c5 elementor-section-boxed elementor-section-height-default elementor-section-height-default\" data-id=\"479c2c5\" data-element_type=\"section\" data-e-type=\"section\">\n\t\t\t\t\t\t<div class=\"elementor-container elementor-column-gap-default\">\n\t\t\t\t\t<div class=\"elementor-column elementor-col-100 elementor-top-column elementor-element elementor-element-e63be4e\" data-id=\"e63be4e\" data-element_type=\"column\" data-e-type=\"column\">\n\t\t\t<div class=\"elementor-widget-wrap elementor-element-populated\">\n\t\t\t\t\t\t<div class=\"elementor-element elementor-element-d8b4dcf elementor-widget elementor-widget-wp-widget-text\" data-id=\"d8b4dcf\" data-element_type=\"widget\" data-e-type=\"widget\" data-widget_type=\"wp-widget-text.default\">\n\t\t\t\t<div class=\"elementor-widget-container\">\n\t\t\t\t\t\t\t\t<div class=\"textwidget\"><p>Das Prinzip \u201e<strong>amicitia<\/strong>\u201c (lat.: Freundschaft) steht f\u00fcr die das Studium \u00fcberdauernde, lebenslange Freundschaft im M\u00e4nnerbund. Als pr\u00e4gendes Element des Verbandes ist die pers\u00f6nliche Freundschaft quer durch alle Generationen als \u201eLebensbundprinzip\u201c verankert. Der cartell- und bundesbr\u00fcderliche Umgang miteinander ist von der Verantwortung f\u00fcr diese dauerhafte geistige und materielle Verpflichtung gepr\u00e4gt.<\/p>\n<\/div>\n\t\t\t\t\t\t<\/div>\n\t\t\t\t<\/div>\n\t\t\t\t\t<\/div>\n\t\t<\/div>\n\t\t\t\t\t<\/div>\n\t\t<\/section>\n\t\t\t\t<section class=\"elementor-section elementor-top-section elementor-element elementor-element-2a4a392 elementor-section-boxed elementor-section-height-default elementor-section-height-default\" data-id=\"2a4a392\" data-element_type=\"section\" data-e-type=\"section\">\n\t\t\t\t\t\t<div class=\"elementor-container elementor-column-gap-default\">\n\t\t\t\t\t<div class=\"elementor-column elementor-col-100 elementor-top-column elementor-element elementor-element-7d61506\" data-id=\"7d61506\" data-element_type=\"column\" data-e-type=\"column\">\n\t\t\t<div class=\"elementor-widget-wrap elementor-element-populated\">\n\t\t\t\t\t\t<div class=\"elementor-element elementor-element-e3dc2d6 elementor-widget elementor-widget-wp-widget-text\" data-id=\"e3dc2d6\" data-element_type=\"widget\" data-e-type=\"widget\" data-widget_type=\"wp-widget-text.default\">\n\t\t\t\t<div class=\"elementor-widget-container\">\n\t\t\t\t\t\t\t\t<div class=\"textwidget\"><p>Das Prinzip \u201e<strong>religio<\/strong>\u201c (lat.: Bekenntnis) beschreibt die Ausrichtung der pers\u00f6nlichen Lebensf\u00fchrung am Werteger\u00fcst des katholischen Christentums. Die Mitglieder des CV und der CV selbst widmen sich demnach der F\u00f6rderung des katholischen Lebens, der F\u00f6rderung es Verst\u00e4ndnisses der christlichen Konfessionen untereinander und der aktiven Gestaltung des eigenen Lebens aus dem katholischen Glauben in Verantwortung vor Gott, den Menschen und der Sch\u00f6pfung.<\/p>\n<\/div>\n\t\t\t\t\t\t<\/div>\n\t\t\t\t<\/div>\n\t\t\t\t\t<\/div>\n\t\t<\/div>\n\t\t\t\t\t<\/div>\n\t\t<\/section>\n\t\t\t\t<section class=\"elementor-section elementor-top-section elementor-element elementor-element-d473079 elementor-section-boxed elementor-section-height-default elementor-section-height-default\" data-id=\"d473079\" data-element_type=\"section\" data-e-type=\"section\">\n\t\t\t\t\t\t<div class=\"elementor-container elementor-column-gap-default\">\n\t\t\t\t\t<div class=\"elementor-column elementor-col-100 elementor-top-column elementor-element elementor-element-506dd8f\" data-id=\"506dd8f\" data-element_type=\"column\" data-e-type=\"column\">\n\t\t\t<div class=\"elementor-widget-wrap elementor-element-populated\">\n\t\t\t\t\t\t<div class=\"elementor-element elementor-element-1722972 elementor-widget elementor-widget-wp-widget-text\" data-id=\"1722972\" data-element_type=\"widget\" data-e-type=\"widget\" data-widget_type=\"wp-widget-text.default\">\n\t\t\t\t<div class=\"elementor-widget-container\">\n\t\t\t\t\t\t\t\t<div class=\"textwidget\"><p>Das Prinzip \u201e<strong>patria<\/strong>\u201c (lat.: Vaterland) meint das Bekenntnis zur freiheitlichen demokratischen Grundordnung unseres Staates und zu unseren kulturellen Wurzeln. Die Verantwortung eines jeden B\u00fcrgers f\u00fcr den Staat wird gepr\u00e4gt durch aktive Mitgestaltung auf allen Ebenen des Gemeinwesens. Die Verwurzelung in der Geschichte Deutschlands und seiner L\u00e4nder ist Grundlage f\u00fcr die Weiterentwicklung dieses Gemeinwesens zu einem vereinten Europa als gemeinsames Vaterland.<\/p>\n<\/div>\n\t\t\t\t\t\t<\/div>\n\t\t\t\t<\/div>\n\t\t\t\t\t<\/div>\n\t\t<\/div>\n\t\t\t\t\t<\/div>\n\t\t<\/section>\n\t\t\t\t<\/div>\n\t\t","protected":false},"excerpt":{"rendered":"<p>Die vier Prinzipien<\/p>\n","protected":false},"author":2,"featured_media":0,"parent":944,"menu_order":0,"comment_status":"closed","ping_status":"closed","template":"","meta":{"_crdt_document":"","ocean_post_layout":"","ocean_both_sidebars_style":"","ocean_both_sidebars_content_width":0,"ocean_both_sidebars_sidebars_width":0,"ocean_sidebar":"","ocean_second_sidebar":"","ocean_disable_margins":"enable","ocean_add_body_class":"","ocean_shortcode_before_top_bar":"","ocean_shortcode_after_top_bar":"","ocean_shortcode_before_header":"","ocean_shortcode_after_header":"","ocean_has_shortcode":"","ocean_shortcode_after_title":"","ocean_shortcode_before_footer_widgets":"","ocean_shortcode_after_footer_widgets":"","ocean_shortcode_before_footer_bottom":"","ocean_shortcode_after_footer_bottom":"","ocean_display_top_bar":"default","ocean_display_header":"default","ocean_header_style":"","ocean_center_header_left_menu":"","ocean_custom_header_template":"","ocean_custom_logo":0,"ocean_custom_retina_logo":0,"ocean_custom_logo_max_width":0,"ocean_custom_logo_tablet_max_width":0,"ocean_custom_logo_mobile_max_width":0,"ocean_custom_logo_max_height":0,"ocean_custom_logo_tablet_max_height":0,"ocean_custom_logo_mobile_max_height":0,"ocean_header_custom_menu":"","ocean_menu_typo_font_family":"","ocean_menu_typo_font_subset":"","ocean_menu_typo_font_size":0,"ocean_menu_typo_font_size_tablet":0,"ocean_menu_typo_font_size_mobile":0,"ocean_menu_typo_font_size_unit":"px","ocean_menu_typo_font_weight":"","ocean_menu_typo_font_weight_tablet":"","ocean_menu_typo_font_weight_mobile":"","ocean_menu_typo_transform":"","ocean_menu_typo_transform_tablet":"","ocean_menu_typo_transform_mobile":"","ocean_menu_typo_line_height":0,"ocean_menu_typo_line_height_tablet":0,"ocean_menu_typo_line_height_mobile":0,"ocean_menu_typo_line_height_unit":"","ocean_menu_typo_spacing":0,"ocean_menu_typo_spacing_tablet":0,"ocean_menu_typo_spacing_mobile":0,"ocean_menu_typo_spacing_unit":"","ocean_menu_link_color":"","ocean_menu_link_color_hover":"","ocean_menu_link_color_active":"","ocean_menu_link_background":"","ocean_menu_link_hover_background":"","ocean_menu_link_active_background":"","ocean_menu_social_links_bg":"","ocean_menu_social_hover_links_bg":"","ocean_menu_social_links_color":"","ocean_menu_social_hover_links_color":"","ocean_disable_title":"default","ocean_disable_heading":"default","ocean_post_title":"","ocean_post_subheading":"","ocean_post_title_style":"","ocean_post_title_background_color":"","ocean_post_title_background":0,"ocean_post_title_bg_image_position":"","ocean_post_title_bg_image_attachment":"","ocean_post_title_bg_image_repeat":"","ocean_post_title_bg_image_size":"","ocean_post_title_height":0,"ocean_post_title_bg_overlay":0.5,"ocean_post_title_bg_overlay_color":"","ocean_disable_breadcrumbs":"default","ocean_breadcrumbs_color":"","ocean_breadcrumbs_separator_color":"","ocean_breadcrumbs_links_color":"","ocean_breadcrumbs_links_hover_color":"","ocean_display_footer_widgets":"default","ocean_display_footer_bottom":"default","ocean_custom_footer_template":"","footnotes":""},"class_list":["post-722","page","type-page","status-publish","hentry","entry"],"_links":{"self":[{"href":"https:\/\/churtrier.de\/live\/wp-json\/wp\/v2\/pages\/722","targetHints":{"allow":["GET"]}}],"collection":[{"href":"https:\/\/churtrier.de\/live\/wp-json\/wp\/v2\/pages"}],"about":[{"href":"https:\/\/churtrier.de\/live\/wp-json\/wp\/v2\/types\/page"}],"author":[{"embeddable":true,"href":"https:\/\/churtrier.de\/live\/wp-json\/wp\/v2\/users\/2"}],"replies":[{"embeddable":true,"href":"https:\/\/churtrier.de\/live\/wp-json\/wp\/v2\/comments?post=722"}],"version-history":[{"count":6,"href":"https:\/\/churtrier.de\/live\/wp-json\/wp\/v2\/pages\/722\/revisions"}],"predecessor-version":[{"id":818,"href":"https:\/\/churtrier.de\/live\/wp-json\/wp\/v2\/pages\/722\/revisions\/818"}],"up":[{"embeddable":true,"href":"https:\/\/churtrier.de\/live\/wp-json\/wp\/v2\/pages\/944"}],"wp:attachment":[{"href":"https:\/\/churtrier.de\/live\/wp-json\/wp\/v2\/media?parent=722"}],"curies":[{"name":"wp","href":"https:\/\/api.w.org\/{rel}","templated":true}]}}