{"id":10158,"date":"2023-10-09T09:49:55","date_gmt":"2023-10-09T07:49:55","guid":{"rendered":"https:\/\/churtrier.de\/live\/?page_id=10158"},"modified":"2025-01-26T22:03:16","modified_gmt":"2025-01-26T21:03:16","slug":"liedgut","status":"publish","type":"page","link":"https:\/\/churtrier.de\/live\/ueber-churtrier\/liedgut\/","title":{"rendered":"Liedgut"},"content":{"rendered":"\t\t<div data-elementor-type=\"wp-page\" data-elementor-id=\"10158\" class=\"elementor elementor-10158\" data-elementor-post-type=\"page\">\n\t\t\t\t\t\t<section class=\"elementor-section elementor-top-section elementor-element elementor-element-c4d6e3d elementor-section-boxed elementor-section-height-default elementor-section-height-default\" data-id=\"c4d6e3d\" data-element_type=\"section\" data-e-type=\"section\">\n\t\t\t\t\t\t<div class=\"elementor-container elementor-column-gap-default\">\n\t\t\t\t\t<div class=\"elementor-column elementor-col-100 elementor-top-column elementor-element elementor-element-228603a\" data-id=\"228603a\" data-element_type=\"column\" data-e-type=\"column\">\n\t\t\t<div class=\"elementor-widget-wrap elementor-element-populated\">\n\t\t\t\t\t\t<div class=\"elementor-element elementor-element-1ef0463 elementor-widget elementor-widget-heading\" data-id=\"1ef0463\" data-element_type=\"widget\" data-e-type=\"widget\" data-widget_type=\"heading.default\">\n\t\t\t\t<div class=\"elementor-widget-container\">\n\t\t\t\t\t<h1 class=\"elementor-heading-title elementor-size-default\">Liedgut der Churtrier<\/h1>\t\t\t\t<\/div>\n\t\t\t\t<\/div>\n\t\t\t\t\t<\/div>\n\t\t<\/div>\n\t\t\t\t\t<\/div>\n\t\t<\/section>\n\t\t\t\t<section class=\"elementor-section elementor-top-section elementor-element elementor-element-57021b2 elementor-section-boxed elementor-section-height-default elementor-section-height-default\" data-id=\"57021b2\" data-element_type=\"section\" data-e-type=\"section\">\n\t\t\t\t\t\t<div class=\"elementor-container elementor-column-gap-default\">\n\t\t\t\t\t<div class=\"elementor-column elementor-col-100 elementor-top-column elementor-element elementor-element-72a5d9e\" data-id=\"72a5d9e\" data-element_type=\"column\" data-e-type=\"column\">\n\t\t\t<div class=\"elementor-widget-wrap elementor-element-populated\">\n\t\t\t\t\t\t<div class=\"elementor-element elementor-element-f069581 elementor-widget elementor-widget-text-editor\" data-id=\"f069581\" data-element_type=\"widget\" data-e-type=\"widget\" data-widget_type=\"text-editor.default\">\n\t\t\t\t<div class=\"elementor-widget-container\">\n\t\t\t\t\t\t\t\t\t<p>Ein etablierter Brauch aller Studentenverbindungen, ist ihre Zelebrierung des couleurstudentischen Lebens durch das Singen von Studentenliedern. Mit das bekannteste ist wohl &#8222;Student sein, wenn die Veilchen bl\u00fchen&#8220;. Um die Verbundenheit mit der eigenen Verbindung und auch der eigenen Alma Mater zu st\u00e4rken, existieren vor allem im Cartellverband verbindungseigene Strophen. F\u00fcr alle Interessierten und f\u00fcr all jene, die ihr Ged\u00e4chtnis auffrischen m\u00f6gen, sind diese hier aufgelistet.<\/p>\t\t\t\t\t\t\t\t<\/div>\n\t\t\t\t<\/div>\n\t\t\t\t\t<\/div>\n\t\t<\/div>\n\t\t\t\t\t<\/div>\n\t\t<\/section>\n\t\t\t\t<section class=\"elementor-section elementor-top-section elementor-element elementor-element-ef22e7c elementor-section-boxed elementor-section-height-default elementor-section-height-default\" data-id=\"ef22e7c\" data-element_type=\"section\" data-e-type=\"section\">\n\t\t\t\t\t\t<div class=\"elementor-container elementor-column-gap-default\">\n\t\t\t\t\t<div class=\"elementor-column elementor-col-100 elementor-top-column elementor-element elementor-element-fd3d026\" data-id=\"fd3d026\" data-element_type=\"column\" data-e-type=\"column\">\n\t\t\t<div class=\"elementor-widget-wrap elementor-element-populated\">\n\t\t\t\t\t\t<div class=\"elementor-element elementor-element-5f3ec00 elementor-widget elementor-widget-heading\" data-id=\"5f3ec00\" data-element_type=\"widget\" data-e-type=\"widget\" data-widget_type=\"heading.default\">\n\t\t\t\t<div class=\"elementor-widget-container\">\n\t\t\t\t\t<h2 class=\"elementor-heading-title elementor-size-default\">Farbenstrophen<\/h2>\t\t\t\t<\/div>\n\t\t\t\t<\/div>\n\t\t\t\t<div class=\"elementor-element elementor-element-b9f4b06 elementor-widget elementor-widget-text-editor\" data-id=\"b9f4b06\" data-element_type=\"widget\" data-e-type=\"widget\" data-widget_type=\"text-editor.default\">\n\t\t\t\t<div class=\"elementor-widget-container\">\n\t\t\t\t\t\t\t\t\t<p>Die Hymne unserer Verbindung. Mit dieser Melodei besingen wir unsere Farben und unsere Gemeinschaft. Den beiden Strophen liegt die Weise des Liedes &#8222;Wenn wir durch die Stra\u00dfen ziehen&#8220; zu Grunde.<\/p>\t\t\t\t\t\t\t\t<\/div>\n\t\t\t\t<\/div>\n\t\t\t\t\t<\/div>\n\t\t<\/div>\n\t\t\t\t\t<\/div>\n\t\t<\/section>\n\t\t\t\t<section class=\"elementor-section elementor-top-section elementor-element elementor-element-910713d elementor-section-boxed elementor-section-height-default elementor-section-height-default\" data-id=\"910713d\" data-element_type=\"section\" data-e-type=\"section\">\n\t\t\t\t\t\t<div class=\"elementor-container elementor-column-gap-default\">\n\t\t\t\t\t<div class=\"elementor-column elementor-col-100 elementor-top-column elementor-element elementor-element-99e6a26\" data-id=\"99e6a26\" data-element_type=\"column\" data-e-type=\"column\">\n\t\t\t<div class=\"elementor-widget-wrap elementor-element-populated\">\n\t\t\t\t\t\t<section class=\"elementor-section elementor-inner-section elementor-element elementor-element-be4e3fa elementor-section-boxed elementor-section-height-default elementor-section-height-default\" data-id=\"be4e3fa\" data-element_type=\"section\" data-e-type=\"section\">\n\t\t\t\t\t\t<div class=\"elementor-container elementor-column-gap-default\">\n\t\t\t\t\t<div class=\"elementor-column elementor-col-50 elementor-inner-column elementor-element elementor-element-e6131e2\" data-id=\"e6131e2\" data-element_type=\"column\" data-e-type=\"column\">\n\t\t\t<div class=\"elementor-widget-wrap elementor-element-populated\">\n\t\t\t\t\t\t<div class=\"elementor-element elementor-element-d94f361 elementor-widget elementor-widget-heading\" data-id=\"d94f361\" data-element_type=\"widget\" data-e-type=\"widget\" data-widget_type=\"heading.default\">\n\t\t\t\t<div class=\"elementor-widget-container\">\n\t\t\t\t\t<h4 class=\"elementor-heading-title elementor-size-default\">Burschenstrophe<\/h4>\t\t\t\t<\/div>\n\t\t\t\t<\/div>\n\t\t\t\t<div class=\"elementor-element elementor-element-ca38f32 elementor-widget elementor-widget-text-editor\" data-id=\"ca38f32\" data-element_type=\"widget\" data-e-type=\"widget\" data-widget_type=\"text-editor.default\">\n\t\t\t\t<div class=\"elementor-widget-container\">\n\t\t\t\t\t\t\t\t\t<p>Rot, Gold, Gr\u00fcn in unserm Bande,<br \/>uns&#8217;rer Freundschaft hehre Zier,<br \/>tragen wir im Mosellande,<br \/>stolze Burschen von Churtrier.<br \/>Rot der Freiheit leuchtend Flamme<br \/>Gold&#8217;ne Treue brech&#8216; ich nicht,<br \/>Gr\u00fcn der Hoffnung hehres Zeichen,<br \/>zeigt die Zukunft uns im Licht.<\/p>\t\t\t\t\t\t\t\t<\/div>\n\t\t\t\t<\/div>\n\t\t\t\t\t<\/div>\n\t\t<\/div>\n\t\t\t\t<div class=\"elementor-column elementor-col-50 elementor-inner-column elementor-element elementor-element-0d6b7ad\" data-id=\"0d6b7ad\" data-element_type=\"column\" data-e-type=\"column\">\n\t\t\t<div class=\"elementor-widget-wrap elementor-element-populated\">\n\t\t\t\t\t\t<div class=\"elementor-element elementor-element-5929338 elementor-widget elementor-widget-heading\" data-id=\"5929338\" data-element_type=\"widget\" data-e-type=\"widget\" data-widget_type=\"heading.default\">\n\t\t\t\t<div class=\"elementor-widget-container\">\n\t\t\t\t\t<h4 class=\"elementor-heading-title elementor-size-default\">Fuxenstrophe<\/h4>\t\t\t\t<\/div>\n\t\t\t\t<\/div>\n\t\t\t\t<div class=\"elementor-element elementor-element-2db84e1 elementor-widget elementor-widget-text-editor\" data-id=\"2db84e1\" data-element_type=\"widget\" data-e-type=\"widget\" data-widget_type=\"text-editor.default\">\n\t\t\t\t<div class=\"elementor-widget-container\">\n\t\t\t\t\t\t\t\t\t<p>Lasst uns echte Freundschaft trinken,<br \/>edle F\u00fcxe von Churtrier.<br \/>Hier am Strand der Mosel winken<br \/>allen h\u00fcbschen M\u00e4dchen wir.<br \/>Golden lacht der Wein der Mosel,<br \/>wenn wir durch die Stra\u00dfen ziehen.<br \/>Unserm Bund die Treue Halten<br \/>und den Farben Rot und Gr\u00fcn.<\/p>\t\t\t\t\t\t\t\t<\/div>\n\t\t\t\t<\/div>\n\t\t\t\t\t<\/div>\n\t\t<\/div>\n\t\t\t\t\t<\/div>\n\t\t<\/section>\n\t\t\t\t\t<\/div>\n\t\t<\/div>\n\t\t\t\t\t<\/div>\n\t\t<\/section>\n\t\t\t\t<section class=\"elementor-section elementor-top-section elementor-element elementor-element-77d6a23 elementor-section-boxed elementor-section-height-default elementor-section-height-default\" data-id=\"77d6a23\" data-element_type=\"section\" data-e-type=\"section\">\n\t\t\t\t\t\t<div class=\"elementor-container elementor-column-gap-default\">\n\t\t\t\t\t<div class=\"elementor-column elementor-col-100 elementor-top-column elementor-element elementor-element-566833f\" data-id=\"566833f\" data-element_type=\"column\" data-e-type=\"column\">\n\t\t\t<div class=\"elementor-widget-wrap elementor-element-populated\">\n\t\t\t\t\t\t<div class=\"elementor-element elementor-element-9a2c131 elementor-widget elementor-widget-heading\" data-id=\"9a2c131\" data-element_type=\"widget\" data-e-type=\"widget\" data-widget_type=\"heading.default\">\n\t\t\t\t<div class=\"elementor-widget-container\">\n\t\t\t\t\t<h2 class=\"elementor-heading-title elementor-size-default\">Mosellied<\/h2>\t\t\t\t<\/div>\n\t\t\t\t<\/div>\n\t\t\t\t\t<\/div>\n\t\t<\/div>\n\t\t\t\t\t<\/div>\n\t\t<\/section>\n\t\t\t\t<section class=\"elementor-section elementor-top-section elementor-element elementor-element-272af06 elementor-section-boxed elementor-section-height-default elementor-section-height-default\" data-id=\"272af06\" data-element_type=\"section\" data-e-type=\"section\">\n\t\t\t\t\t\t<div class=\"elementor-container elementor-column-gap-default\">\n\t\t\t\t\t<div class=\"elementor-column elementor-col-100 elementor-top-column elementor-element elementor-element-bd92d7e\" data-id=\"bd92d7e\" data-element_type=\"column\" data-e-type=\"column\">\n\t\t\t<div class=\"elementor-widget-wrap elementor-element-populated\">\n\t\t\t\t\t\t<div class=\"elementor-element elementor-element-2cbdb1a elementor-widget elementor-widget-text-editor\" data-id=\"2cbdb1a\" data-element_type=\"widget\" data-e-type=\"widget\" data-widget_type=\"text-editor.default\">\n\t\t\t\t<div class=\"elementor-widget-container\">\n\t\t\t\t\t\t\t\t\t<p>Dieses Lied wurde auf die Melodie von &#8222;Heidelberg, du Jugendbronnen&#8220; gedichtet und feiert unsere regionale Verbundenheit. Andere St\u00e4dte haben meist \u00e4hnliche Lieder, so wie zum Beispiel das Mainzer Lied \u00fcber &#8222;Aurea Moguntia&#8220;. Wenn mehrere Studentenverbindungen vor Ort vorhanden sind, so singen diese, vor allem im Cartellverband, h\u00e4ufig das gleiche, regionale Lied.<\/p>\t\t\t\t\t\t\t\t<\/div>\n\t\t\t\t<\/div>\n\t\t\t\t\t<\/div>\n\t\t<\/div>\n\t\t\t\t\t<\/div>\n\t\t<\/section>\n\t\t\t\t<section class=\"elementor-section elementor-top-section elementor-element elementor-element-680be5e elementor-section-boxed elementor-section-height-default elementor-section-height-default\" data-id=\"680be5e\" data-element_type=\"section\" data-e-type=\"section\">\n\t\t\t\t\t\t<div class=\"elementor-container elementor-column-gap-default\">\n\t\t\t\t\t<div class=\"elementor-column elementor-col-100 elementor-top-column elementor-element elementor-element-b5e1b06\" data-id=\"b5e1b06\" data-element_type=\"column\" data-e-type=\"column\">\n\t\t\t<div class=\"elementor-widget-wrap elementor-element-populated\">\n\t\t\t\t\t\t<div class=\"elementor-element elementor-element-c940231 elementor-widget elementor-widget-text-editor\" data-id=\"c940231\" data-element_type=\"widget\" data-e-type=\"widget\" data-widget_type=\"text-editor.default\">\n\t\t\t\t<div class=\"elementor-widget-container\">\n\t\t\t\t\t\t\t\t\t<p>Trier, du Stadt am Moselstrande,<br>an Kultur und Sagen reich,<br>bist bekannt im ganzen Lande,<br>keine and&#8217;re kommt dir gleich.<br>Deines Stromes Silberwellen,<br>deine rebumkr\u00e4nzten H\u00f6h&#8217;n,<br>\ud834\udd06 alter Zeiten stolze Quellen,<br>zieren dich, mein Trier so sch\u00f6n. \ud834\udd07<\/p>\n<p>Seid gegr\u00fc\u00dft ihr Herr&#8217;n Dozenten,<br>die ihr euch um uns bem\u00fcht,<br>die ihr gebt mit vollen H\u00e4nden,<br>unerm\u00fcdlich mit uns \u00fcbt.<br>Habt so manche harte Stunde,<br>im Semester uns beschert,<br>\ud834\udd06 doch am Schluss, in froher Runde,<br>sei manch Glas mit euch geleert. \ud834\udd07<\/p>\n<p>Doch was w\u00e4r all&#8216; unser Streben,<br>weiter nichts als Qual und Pein,<br>w\u00e4re nicht der Saft der Reben,<br>und die Trierer M\u00e4gdelein.<br>Gr\u00fc\u00df dich Gott, mein liebes Sch\u00e4tzchen,<br>schenk&#8216; mir ein den Minnetrank!<br>\ud834\udd06 Drin im Herzen, g\u00f6nn&#8216; ein Pl\u00e4tzchen,<br>deinem Studie, liebeskrank. \ud834\udd07<\/p>\n<p>Drum lasst laut die Gl\u00e4ser klingen,<br>und stimmt alle froh mit ein,<br>aller deren Lob zu singen,<br>die uns gaben Sonnenschein!<br>Sch\u00f6ne Stadt am Moselstrande,<br>dein gedenk&#8216; ich immerfort,<br>\ud834\udd06 fesseln auch der Pflichten Bande<br>mich an einen ander&#8217;n Ort. \ud834\udd07<\/p>\t\t\t\t\t\t\t\t<\/div>\n\t\t\t\t<\/div>\n\t\t\t\t\t<\/div>\n\t\t<\/div>\n\t\t\t\t\t<\/div>\n\t\t<\/section>\n\t\t\t\t<\/div>\n\t\t","protected":false},"excerpt":{"rendered":"<p>Liedgut der Churtrier Ein etablierter Brauch aller Studentenverbindungen, ist ihre Zelebrierung des couleurstudentischen Lebens durch das Singen von Studentenliedern. Mit das bekannteste ist wohl &#8222;Student sein, wenn die Veilchen bl\u00fchen&#8220;. [&hellip;]<\/p>\n","protected":false},"author":2,"featured_media":0,"parent":944,"menu_order":0,"comment_status":"closed","ping_status":"closed","template":"","meta":{"_crdt_document":"","ocean_post_layout":"","ocean_both_sidebars_style":"","ocean_both_sidebars_content_width":0,"ocean_both_sidebars_sidebars_width":0,"ocean_sidebar":"0","ocean_second_sidebar":"0","ocean_disable_margins":"enable","ocean_add_body_class":"","ocean_shortcode_before_top_bar":"","ocean_shortcode_after_top_bar":"","ocean_shortcode_before_header":"","ocean_shortcode_after_header":"","ocean_has_shortcode":"","ocean_shortcode_after_title":"","ocean_shortcode_before_footer_widgets":"","ocean_shortcode_after_footer_widgets":"","ocean_shortcode_before_footer_bottom":"","ocean_shortcode_after_footer_bottom":"","ocean_display_top_bar":"default","ocean_display_header":"default","ocean_header_style":"","ocean_center_header_left_menu":"0","ocean_custom_header_template":"0","ocean_custom_logo":0,"ocean_custom_retina_logo":0,"ocean_custom_logo_max_width":0,"ocean_custom_logo_tablet_max_width":0,"ocean_custom_logo_mobile_max_width":0,"ocean_custom_logo_max_height":0,"ocean_custom_logo_tablet_max_height":0,"ocean_custom_logo_mobile_max_height":0,"ocean_header_custom_menu":"0","ocean_menu_typo_font_family":"0","ocean_menu_typo_font_subset":"","ocean_menu_typo_font_size":0,"ocean_menu_typo_font_size_tablet":0,"ocean_menu_typo_font_size_mobile":0,"ocean_menu_typo_font_size_unit":"px","ocean_menu_typo_font_weight":"","ocean_menu_typo_font_weight_tablet":"","ocean_menu_typo_font_weight_mobile":"","ocean_menu_typo_transform":"","ocean_menu_typo_transform_tablet":"","ocean_menu_typo_transform_mobile":"","ocean_menu_typo_line_height":0,"ocean_menu_typo_line_height_tablet":0,"ocean_menu_typo_line_height_mobile":0,"ocean_menu_typo_line_height_unit":"","ocean_menu_typo_spacing":0,"ocean_menu_typo_spacing_tablet":0,"ocean_menu_typo_spacing_mobile":0,"ocean_menu_typo_spacing_unit":"","ocean_menu_link_color":"","ocean_menu_link_color_hover":"","ocean_menu_link_color_active":"","ocean_menu_link_background":"","ocean_menu_link_hover_background":"","ocean_menu_link_active_background":"","ocean_menu_social_links_bg":"","ocean_menu_social_hover_links_bg":"","ocean_menu_social_links_color":"","ocean_menu_social_hover_links_color":"","ocean_disable_title":"default","ocean_disable_heading":"default","ocean_post_title":"","ocean_post_subheading":"","ocean_post_title_style":"","ocean_post_title_background_color":"","ocean_post_title_background":0,"ocean_post_title_bg_image_position":"","ocean_post_title_bg_image_attachment":"","ocean_post_title_bg_image_repeat":"","ocean_post_title_bg_image_size":"","ocean_post_title_height":0,"ocean_post_title_bg_overlay":0.5,"ocean_post_title_bg_overlay_color":"","ocean_disable_breadcrumbs":"default","ocean_breadcrumbs_color":"","ocean_breadcrumbs_separator_color":"","ocean_breadcrumbs_links_color":"","ocean_breadcrumbs_links_hover_color":"","ocean_display_footer_widgets":"default","ocean_display_footer_bottom":"default","ocean_custom_footer_template":"0","footnotes":""},"class_list":["post-10158","page","type-page","status-publish","hentry","entry"],"_links":{"self":[{"href":"https:\/\/churtrier.de\/live\/wp-json\/wp\/v2\/pages\/10158","targetHints":{"allow":["GET"]}}],"collection":[{"href":"https:\/\/churtrier.de\/live\/wp-json\/wp\/v2\/pages"}],"about":[{"href":"https:\/\/churtrier.de\/live\/wp-json\/wp\/v2\/types\/page"}],"author":[{"embeddable":true,"href":"https:\/\/churtrier.de\/live\/wp-json\/wp\/v2\/users\/2"}],"replies":[{"embeddable":true,"href":"https:\/\/churtrier.de\/live\/wp-json\/wp\/v2\/comments?post=10158"}],"version-history":[{"count":19,"href":"https:\/\/churtrier.de\/live\/wp-json\/wp\/v2\/pages\/10158\/revisions"}],"predecessor-version":[{"id":13033,"href":"https:\/\/churtrier.de\/live\/wp-json\/wp\/v2\/pages\/10158\/revisions\/13033"}],"up":[{"embeddable":true,"href":"https:\/\/churtrier.de\/live\/wp-json\/wp\/v2\/pages\/944"}],"wp:attachment":[{"href":"https:\/\/churtrier.de\/live\/wp-json\/wp\/v2\/media?parent=10158"}],"curies":[{"name":"wp","href":"https:\/\/api.w.org\/{rel}","templated":true}]}}